{"id":635,"date":"2021-10-10T18:27:14","date_gmt":"2021-10-10T15:27:14","guid":{"rendered":"https:\/\/bi-print3d.ro\/?post_type=product&#038;p=635"},"modified":"2024-10-20T10:06:27","modified_gmt":"2024-10-20T07:06:27","slug":"set-santier","status":"publish","type":"product","link":"https:\/\/bi-print3d.ro\/en\/product\/set-santier\/","title":{"rendered":"Construction site set"},"content":{"rendered":"","protected":false},"excerpt":{"rendered":"<p>Includes: 1 x stacked office constrainers with ladder, 3 x sewage pipes, 1 x cable reel, 1x sack, 1 x portable toilette, 1 x dumpster, 1 x IBC tank, 1 x wheelbarrow, 1 x shovel, 1 x broom, 2 x pallet, 1 x locker, 2 x oil barrel, 1 x trash bin, 1 x diesel tank, 1 x propene tank, 2 x petrol canister, 1 x fire hose.<\/p>\n<p>Leave a note if specific colors are desired for some items.<\/p>\n<p>&nbsp;<\/p>","protected":false},"featured_media":636,"comment_status":"open","ping_status":"closed","template":"","meta":{"cybocfi_hide_featured_image":""},"product_brand":[],"product_cat":[42],"product_tag":[],"class_list":{"0":"post-635","1":"product","2":"type-product","3":"status-publish","4":"has-post-thumbnail","6":"product_cat-seturi","8":"first","9":"instock","10":"shipping-taxable","11":"purchasable","12":"product-type-simple"},"yoast_head":"<!-- This site is optimized with the Yoast SEO plugin v23.6 - https:\/\/yoast.com\/wordpress\/plugins\/seo\/ -->\n<title>Set \u0219antier - Bi-Print 3D<\/title>\n<meta name=\"robots\" content=\"index, follow, max-snippet:-1, max-image-preview:large, max-video-preview:-1\" \/>\n<link rel=\"canonical\" href=\"https:\/\/bi-print3d.ro\/en\/product\/set-santier\/\" \/>\n<meta property=\"og:locale\" content=\"en_GB\" \/>\n<meta property=\"og:type\" content=\"article\" \/>\n<meta property=\"og:title\" content=\"Set \u0219antier - Bi-Print 3D\" \/>\n<meta property=\"og:description\" content=\"Con\u021bine: 1 x containere supraetajate cu scar\u0103 exterioar\u0103 \u0219i AC, 3 x conducte canalizare, 1 x tambur, 1 x sac, 1 x toalet\u0103 ecologic\u0103, 1 x tomberon, 1 x bazin IBC, 1 x roab\u0103, 1 x lopat\u0103, 1 x m\u0103tur\u0103, 2 x pale\u021bi, 1 x fi\u0219et muncitori, 2 x butoi ulei, 1 x europubel\u0103. 1 x rezervor motorin\u0103, 1 x rezervor propan, 2 x canistr\u0103 benzin\u0103, 1 x furtun \u00eenf\u0103\u0219urat.  L\u0103sa\u021bi not\u0103 la final dac\u0103 dori\u021bi culori preferen\u021biale.  &nbsp;\" \/>\n<meta property=\"og:url\" content=\"https:\/\/bi-print3d.ro\/en\/product\/set-santier\/\" \/>\n<meta property=\"og:site_name\" content=\"Bi-Print 3D\" \/>\n<meta property=\"article:modified_time\" content=\"2024-10-20T07:06:27+00:00\" \/>\n<meta property=\"og:image\" content=\"https:\/\/bi-print3d.ro\/wp-content\/uploads\/2021\/10\/196839237_283176633601200_171980584368871749_n.jpg\" \/>\n\t<meta property=\"og:image:width\" content=\"1600\" \/>\n\t<meta property=\"og:image:height\" content=\"729\" \/>\n\t<meta property=\"og:image:type\" content=\"image\/jpeg\" \/>\n<meta name=\"twitter:card\" content=\"summary_large_image\" \/>\n<script type=\"application\/ld+json\" class=\"yoast-schema-graph\">{\"@context\":\"https:\/\/schema.org\",\"@graph\":[{\"@type\":\"WebPage\",\"@id\":\"https:\/\/bi-print3d.ro\/product\/set-santier\/\",\"url\":\"https:\/\/bi-print3d.ro\/product\/set-santier\/\",\"name\":\"Set \u0219antier - Bi-Print 3D\",\"isPartOf\":{\"@id\":\"https:\/\/bi-print3d.ro\/#website\"},\"primaryImageOfPage\":{\"@id\":\"https:\/\/bi-print3d.ro\/product\/set-santier\/#primaryimage\"},\"image\":{\"@id\":\"https:\/\/bi-print3d.ro\/product\/set-santier\/#primaryimage\"},\"thumbnailUrl\":\"https:\/\/bi-print3d.ro\/wp-content\/uploads\/2021\/10\/196839237_283176633601200_171980584368871749_n.jpg\",\"datePublished\":\"2021-10-10T15:27:14+00:00\",\"dateModified\":\"2024-10-20T07:06:27+00:00\",\"breadcrumb\":{\"@id\":\"https:\/\/bi-print3d.ro\/product\/set-santier\/#breadcrumb\"},\"inLanguage\":\"en-GB\",\"potentialAction\":[{\"@type\":\"ReadAction\",\"target\":[\"https:\/\/bi-print3d.ro\/product\/set-santier\/\"]}]},{\"@type\":\"ImageObject\",\"inLanguage\":\"en-GB\",\"@id\":\"https:\/\/bi-print3d.ro\/product\/set-santier\/#primaryimage\",\"url\":\"https:\/\/bi-print3d.ro\/wp-content\/uploads\/2021\/10\/196839237_283176633601200_171980584368871749_n.jpg\",\"contentUrl\":\"https:\/\/bi-print3d.ro\/wp-content\/uploads\/2021\/10\/196839237_283176633601200_171980584368871749_n.jpg\",\"width\":1600,\"height\":729},{\"@type\":\"BreadcrumbList\",\"@id\":\"https:\/\/bi-print3d.ro\/product\/set-santier\/#breadcrumb\",\"itemListElement\":[{\"@type\":\"ListItem\",\"position\":1,\"name\":\"Home\",\"item\":\"https:\/\/bi-print3d.ro\/\"},{\"@type\":\"ListItem\",\"position\":2,\"name\":\"Shop\",\"item\":\"https:\/\/bi-print3d.ro\/shop\/\"},{\"@type\":\"ListItem\",\"position\":3,\"name\":\"Set \u0219antier\"}]},{\"@type\":\"WebSite\",\"@id\":\"https:\/\/bi-print3d.ro\/#website\",\"url\":\"https:\/\/bi-print3d.ro\/\",\"name\":\"Bi-Print 3D\",\"description\":\"Accesorii dioram\u0103 pe comand\u0103\",\"potentialAction\":[{\"@type\":\"SearchAction\",\"target\":{\"@type\":\"EntryPoint\",\"urlTemplate\":\"https:\/\/bi-print3d.ro\/?s={search_term_string}\"},\"query-input\":{\"@type\":\"PropertyValueSpecification\",\"valueRequired\":true,\"valueName\":\"search_term_string\"}}],\"inLanguage\":\"en-GB\"}]}<\/script>\n<!-- \/ Yoast SEO plugin. -->","yoast_head_json":{"title":"Set \u0219antier - Bi-Print 3D","robots":{"index":"index","follow":"follow","max-snippet":"max-snippet:-1","max-image-preview":"max-image-preview:large","max-video-preview":"max-video-preview:-1"},"canonical":"https:\/\/bi-print3d.ro\/en\/product\/set-santier\/","og_locale":"en_GB","og_type":"article","og_title":"Set \u0219antier - Bi-Print 3D","og_description":"Con\u021bine: 1 x containere supraetajate cu scar\u0103 exterioar\u0103 \u0219i AC, 3 x conducte canalizare, 1 x tambur, 1 x sac, 1 x toalet\u0103 ecologic\u0103, 1 x tomberon, 1 x bazin IBC, 1 x roab\u0103, 1 x lopat\u0103, 1 x m\u0103tur\u0103, 2 x pale\u021bi, 1 x fi\u0219et muncitori, 2 x butoi ulei, 1 x europubel\u0103. 1 x rezervor motorin\u0103, 1 x rezervor propan, 2 x canistr\u0103 benzin\u0103, 1 x furtun \u00eenf\u0103\u0219urat.  L\u0103sa\u021bi not\u0103 la final dac\u0103 dori\u021bi culori preferen\u021biale.  &nbsp;","og_url":"https:\/\/bi-print3d.ro\/en\/product\/set-santier\/","og_site_name":"Bi-Print 3D","article_modified_time":"2024-10-20T07:06:27+00:00","og_image":[{"width":1600,"height":729,"url":"https:\/\/bi-print3d.ro\/wp-content\/uploads\/2021\/10\/196839237_283176633601200_171980584368871749_n.jpg","type":"image\/jpeg"}],"twitter_card":"summary_large_image","schema":{"@context":"https:\/\/schema.org","@graph":[{"@type":"WebPage","@id":"https:\/\/bi-print3d.ro\/product\/set-santier\/","url":"https:\/\/bi-print3d.ro\/product\/set-santier\/","name":"Set \u0219antier - Bi-Print 3D","isPartOf":{"@id":"https:\/\/bi-print3d.ro\/#website"},"primaryImageOfPage":{"@id":"https:\/\/bi-print3d.ro\/product\/set-santier\/#primaryimage"},"image":{"@id":"https:\/\/bi-print3d.ro\/product\/set-santier\/#primaryimage"},"thumbnailUrl":"https:\/\/bi-print3d.ro\/wp-content\/uploads\/2021\/10\/196839237_283176633601200_171980584368871749_n.jpg","datePublished":"2021-10-10T15:27:14+00:00","dateModified":"2024-10-20T07:06:27+00:00","breadcrumb":{"@id":"https:\/\/bi-print3d.ro\/product\/set-santier\/#breadcrumb"},"inLanguage":"en-GB","potentialAction":[{"@type":"ReadAction","target":["https:\/\/bi-print3d.ro\/product\/set-santier\/"]}]},{"@type":"ImageObject","inLanguage":"en-GB","@id":"https:\/\/bi-print3d.ro\/product\/set-santier\/#primaryimage","url":"https:\/\/bi-print3d.ro\/wp-content\/uploads\/2021\/10\/196839237_283176633601200_171980584368871749_n.jpg","contentUrl":"https:\/\/bi-print3d.ro\/wp-content\/uploads\/2021\/10\/196839237_283176633601200_171980584368871749_n.jpg","width":1600,"height":729},{"@type":"BreadcrumbList","@id":"https:\/\/bi-print3d.ro\/product\/set-santier\/#breadcrumb","itemListElement":[{"@type":"ListItem","position":1,"name":"Home","item":"https:\/\/bi-print3d.ro\/"},{"@type":"ListItem","position":2,"name":"Shop","item":"https:\/\/bi-print3d.ro\/shop\/"},{"@type":"ListItem","position":3,"name":"Set \u0219antier"}]},{"@type":"WebSite","@id":"https:\/\/bi-print3d.ro\/#website","url":"https:\/\/bi-print3d.ro\/","name":"Bi-Print 3D","description":"Custom made Diorama accessories","potentialAction":[{"@type":"SearchAction","target":{"@type":"EntryPoint","urlTemplate":"https:\/\/bi-print3d.ro\/?s={search_term_string}"},"query-input":{"@type":"PropertyValueSpecification","valueRequired":true,"valueName":"search_term_string"}}],"inLanguage":"en-GB"}]}},"_links":{"self":[{"href":"https:\/\/bi-print3d.ro\/en\/wp-json\/wp\/v2\/product\/635","targetHints":{"allow":["GET"]}}],"collection":[{"href":"https:\/\/bi-print3d.ro\/en\/wp-json\/wp\/v2\/product"}],"about":[{"href":"https:\/\/bi-print3d.ro\/en\/wp-json\/wp\/v2\/types\/product"}],"replies":[{"embeddable":true,"href":"https:\/\/bi-print3d.ro\/en\/wp-json\/wp\/v2\/comments?post=635"}],"wp:featuredmedia":[{"embeddable":true,"href":"https:\/\/bi-print3d.ro\/en\/wp-json\/wp\/v2\/media\/636"}],"wp:attachment":[{"href":"https:\/\/bi-print3d.ro\/en\/wp-json\/wp\/v2\/media?parent=635"}],"wp:term":[{"taxonomy":"product_brand","embeddable":true,"href":"https:\/\/bi-print3d.ro\/en\/wp-json\/wp\/v2\/product_brand?post=635"},{"taxonomy":"product_cat","embeddable":true,"href":"https:\/\/bi-print3d.ro\/en\/wp-json\/wp\/v2\/product_cat?post=635"},{"taxonomy":"product_tag","embeddable":true,"href":"https:\/\/bi-print3d.ro\/en\/wp-json\/wp\/v2\/product_tag?post=635"}],"curies":[{"name":"wp","href":"https:\/\/api.w.org\/{rel}","templated":true}]}}