{"id":474,"date":"2021-10-10T13:45:29","date_gmt":"2021-10-10T10:45:29","guid":{"rendered":"https:\/\/bi-print3d.ro\/?post_type=product&#038;p=474"},"modified":"2025-11-17T17:07:26","modified_gmt":"2025-11-17T15:07:26","slug":"autoatelier-duba","status":"publish","type":"product","link":"https:\/\/bi-print3d.ro\/en\/product\/autoatelier-duba\/","title":{"rendered":"Bena autoatelier dub\u0103"},"content":{"rendered":"","protected":false},"excerpt":{"rendered":"<div class=\"o9v6fnle cxmmr5t8 oygrvhab hcukyx3x c1et5uql ii04i59q\">\n<div dir=\"auto\">Truck not included!<\/div>\n<div dir=\"auto\"><\/div>\n<div dir=\"auto\">\n<div dir=\"auto\">Length: 64.4mm<\/div>\n<div dir=\"auto\">Width: 29.7mm<\/div>\n<div dir=\"auto\">Height: 23.6mm (26mm with added chassis)<\/div>\n<\/div>\n<div dir=\"auto\"><\/div>\n<div dir=\"auto\">Delivered with mounted interior seating, windows and a work station.<\/div>\n<\/div>\n<div class=\"o9v6fnle cxmmr5t8 oygrvhab hcukyx3x c1et5uql ii04i59q\">\n<div dir=\"auto\">The kit includes the following unassembled accessories: 2 x toolboxes, 1 x handrail, 4 x mud shields, 1 x side ladder, 1 x rear ladder.<\/div>\n<\/div>","protected":false},"featured_media":986,"comment_status":"open","ping_status":"closed","template":"","meta":{"cybocfi_hide_featured_image":""},"product_brand":[],"product_cat":[27],"product_tag":[],"class_list":{"0":"post-474","1":"product","2":"type-product","3":"status-publish","4":"has-post-thumbnail","6":"product_cat-accesorii-camioane","8":"first","9":"instock","10":"shipping-taxable","11":"purchasable","12":"product-type-variable"},"yoast_head":"<!-- This site is optimized with the Yoast SEO plugin v23.6 - https:\/\/yoast.com\/wordpress\/plugins\/seo\/ -->\n<title>Bena autoatelier dub\u0103 - Bi-Print 3D<\/title>\n<meta name=\"robots\" content=\"index, follow, max-snippet:-1, max-image-preview:large, max-video-preview:-1\" \/>\n<link rel=\"canonical\" href=\"https:\/\/bi-print3d.ro\/en\/product\/autoatelier-duba\/\" \/>\n<meta property=\"og:locale\" content=\"en_GB\" \/>\n<meta property=\"og:type\" content=\"article\" \/>\n<meta property=\"og:title\" content=\"Bena autoatelier dub\u0103 - Bi-Print 3D\" \/>\n<meta property=\"og:description\" content=\"F\u0103r\u0103 camion!   Lungime: 64.4mm Latime: 29.7mm Inaltime: 23.6mm (26mm cu atasament \u0219asiu).   Se livreaz\u0103 asamblat cu scaune, geamuri \u0219i un banc de lucru \u00een interior.   Chitul con\u021bine \u0219i urmatoarele accesorii nemontate (pentru a evtia ruperea la transport): 2 x cutii scule, 1 x balustrad\u0103, 4 x ap\u0103r\u0103tori, 1 x scar\u0103 laterala, 1 x scara spate.\" \/>\n<meta property=\"og:url\" content=\"https:\/\/bi-print3d.ro\/en\/product\/autoatelier-duba\/\" \/>\n<meta property=\"og:site_name\" content=\"Bi-Print 3D\" \/>\n<meta property=\"article:modified_time\" content=\"2025-11-17T15:07:26+00:00\" \/>\n<meta property=\"og:image\" content=\"https:\/\/bi-print3d.ro\/wp-content\/uploads\/2021\/10\/WhatsApp-Image-2021-12-01-at-10.47.50-2.jpeg\" \/>\n\t<meta property=\"og:image:width\" content=\"2000\" \/>\n\t<meta property=\"og:image:height\" content=\"912\" \/>\n\t<meta property=\"og:image:type\" content=\"image\/jpeg\" \/>\n<meta name=\"twitter:card\" content=\"summary_large_image\" \/>\n<script type=\"application\/ld+json\" class=\"yoast-schema-graph\">{\"@context\":\"https:\/\/schema.org\",\"@graph\":[{\"@type\":\"WebPage\",\"@id\":\"https:\/\/bi-print3d.ro\/product\/autoatelier-duba\/\",\"url\":\"https:\/\/bi-print3d.ro\/product\/autoatelier-duba\/\",\"name\":\"Bena autoatelier dub\u0103 - Bi-Print 3D\",\"isPartOf\":{\"@id\":\"https:\/\/bi-print3d.ro\/#website\"},\"primaryImageOfPage\":{\"@id\":\"https:\/\/bi-print3d.ro\/product\/autoatelier-duba\/#primaryimage\"},\"image\":{\"@id\":\"https:\/\/bi-print3d.ro\/product\/autoatelier-duba\/#primaryimage\"},\"thumbnailUrl\":\"https:\/\/bi-print3d.ro\/wp-content\/uploads\/2021\/10\/WhatsApp-Image-2021-12-01-at-10.47.50-2.jpeg\",\"datePublished\":\"2021-10-10T10:45:29+00:00\",\"dateModified\":\"2025-11-17T15:07:26+00:00\",\"breadcrumb\":{\"@id\":\"https:\/\/bi-print3d.ro\/product\/autoatelier-duba\/#breadcrumb\"},\"inLanguage\":\"en-GB\",\"potentialAction\":[{\"@type\":\"ReadAction\",\"target\":[\"https:\/\/bi-print3d.ro\/product\/autoatelier-duba\/\"]}]},{\"@type\":\"ImageObject\",\"inLanguage\":\"en-GB\",\"@id\":\"https:\/\/bi-print3d.ro\/product\/autoatelier-duba\/#primaryimage\",\"url\":\"https:\/\/bi-print3d.ro\/wp-content\/uploads\/2021\/10\/WhatsApp-Image-2021-12-01-at-10.47.50-2.jpeg\",\"contentUrl\":\"https:\/\/bi-print3d.ro\/wp-content\/uploads\/2021\/10\/WhatsApp-Image-2021-12-01-at-10.47.50-2.jpeg\",\"width\":2000,\"height\":912},{\"@type\":\"BreadcrumbList\",\"@id\":\"https:\/\/bi-print3d.ro\/product\/autoatelier-duba\/#breadcrumb\",\"itemListElement\":[{\"@type\":\"ListItem\",\"position\":1,\"name\":\"Home\",\"item\":\"https:\/\/bi-print3d.ro\/\"},{\"@type\":\"ListItem\",\"position\":2,\"name\":\"Shop\",\"item\":\"https:\/\/bi-print3d.ro\/shop\/\"},{\"@type\":\"ListItem\",\"position\":3,\"name\":\"Bena autoatelier dub\u0103\"}]},{\"@type\":\"WebSite\",\"@id\":\"https:\/\/bi-print3d.ro\/#website\",\"url\":\"https:\/\/bi-print3d.ro\/\",\"name\":\"Bi-Print 3D\",\"description\":\"Accesorii dioram\u0103 pe comand\u0103\",\"potentialAction\":[{\"@type\":\"SearchAction\",\"target\":{\"@type\":\"EntryPoint\",\"urlTemplate\":\"https:\/\/bi-print3d.ro\/?s={search_term_string}\"},\"query-input\":{\"@type\":\"PropertyValueSpecification\",\"valueRequired\":true,\"valueName\":\"search_term_string\"}}],\"inLanguage\":\"en-GB\"}]}<\/script>\n<!-- \/ Yoast SEO plugin. -->","yoast_head_json":{"title":"Bena autoatelier dub\u0103 - Bi-Print 3D","robots":{"index":"index","follow":"follow","max-snippet":"max-snippet:-1","max-image-preview":"max-image-preview:large","max-video-preview":"max-video-preview:-1"},"canonical":"https:\/\/bi-print3d.ro\/en\/product\/autoatelier-duba\/","og_locale":"en_GB","og_type":"article","og_title":"Bena autoatelier dub\u0103 - Bi-Print 3D","og_description":"F\u0103r\u0103 camion!   Lungime: 64.4mm Latime: 29.7mm Inaltime: 23.6mm (26mm cu atasament \u0219asiu).   Se livreaz\u0103 asamblat cu scaune, geamuri \u0219i un banc de lucru \u00een interior.   Chitul con\u021bine \u0219i urmatoarele accesorii nemontate (pentru a evtia ruperea la transport): 2 x cutii scule, 1 x balustrad\u0103, 4 x ap\u0103r\u0103tori, 1 x scar\u0103 laterala, 1 x scara spate.","og_url":"https:\/\/bi-print3d.ro\/en\/product\/autoatelier-duba\/","og_site_name":"Bi-Print 3D","article_modified_time":"2025-11-17T15:07:26+00:00","og_image":[{"width":2000,"height":912,"url":"https:\/\/bi-print3d.ro\/wp-content\/uploads\/2021\/10\/WhatsApp-Image-2021-12-01-at-10.47.50-2.jpeg","type":"image\/jpeg"}],"twitter_card":"summary_large_image","schema":{"@context":"https:\/\/schema.org","@graph":[{"@type":"WebPage","@id":"https:\/\/bi-print3d.ro\/product\/autoatelier-duba\/","url":"https:\/\/bi-print3d.ro\/product\/autoatelier-duba\/","name":"Bena autoatelier dub\u0103 - Bi-Print 3D","isPartOf":{"@id":"https:\/\/bi-print3d.ro\/#website"},"primaryImageOfPage":{"@id":"https:\/\/bi-print3d.ro\/product\/autoatelier-duba\/#primaryimage"},"image":{"@id":"https:\/\/bi-print3d.ro\/product\/autoatelier-duba\/#primaryimage"},"thumbnailUrl":"https:\/\/bi-print3d.ro\/wp-content\/uploads\/2021\/10\/WhatsApp-Image-2021-12-01-at-10.47.50-2.jpeg","datePublished":"2021-10-10T10:45:29+00:00","dateModified":"2025-11-17T15:07:26+00:00","breadcrumb":{"@id":"https:\/\/bi-print3d.ro\/product\/autoatelier-duba\/#breadcrumb"},"inLanguage":"en-GB","potentialAction":[{"@type":"ReadAction","target":["https:\/\/bi-print3d.ro\/product\/autoatelier-duba\/"]}]},{"@type":"ImageObject","inLanguage":"en-GB","@id":"https:\/\/bi-print3d.ro\/product\/autoatelier-duba\/#primaryimage","url":"https:\/\/bi-print3d.ro\/wp-content\/uploads\/2021\/10\/WhatsApp-Image-2021-12-01-at-10.47.50-2.jpeg","contentUrl":"https:\/\/bi-print3d.ro\/wp-content\/uploads\/2021\/10\/WhatsApp-Image-2021-12-01-at-10.47.50-2.jpeg","width":2000,"height":912},{"@type":"BreadcrumbList","@id":"https:\/\/bi-print3d.ro\/product\/autoatelier-duba\/#breadcrumb","itemListElement":[{"@type":"ListItem","position":1,"name":"Home","item":"https:\/\/bi-print3d.ro\/"},{"@type":"ListItem","position":2,"name":"Shop","item":"https:\/\/bi-print3d.ro\/shop\/"},{"@type":"ListItem","position":3,"name":"Bena autoatelier dub\u0103"}]},{"@type":"WebSite","@id":"https:\/\/bi-print3d.ro\/#website","url":"https:\/\/bi-print3d.ro\/","name":"Bi-Print 3D","description":"Custom made Diorama accessories","potentialAction":[{"@type":"SearchAction","target":{"@type":"EntryPoint","urlTemplate":"https:\/\/bi-print3d.ro\/?s={search_term_string}"},"query-input":{"@type":"PropertyValueSpecification","valueRequired":true,"valueName":"search_term_string"}}],"inLanguage":"en-GB"}]}},"_links":{"self":[{"href":"https:\/\/bi-print3d.ro\/en\/wp-json\/wp\/v2\/product\/474","targetHints":{"allow":["GET"]}}],"collection":[{"href":"https:\/\/bi-print3d.ro\/en\/wp-json\/wp\/v2\/product"}],"about":[{"href":"https:\/\/bi-print3d.ro\/en\/wp-json\/wp\/v2\/types\/product"}],"replies":[{"embeddable":true,"href":"https:\/\/bi-print3d.ro\/en\/wp-json\/wp\/v2\/comments?post=474"}],"wp:featuredmedia":[{"embeddable":true,"href":"https:\/\/bi-print3d.ro\/en\/wp-json\/wp\/v2\/media\/986"}],"wp:attachment":[{"href":"https:\/\/bi-print3d.ro\/en\/wp-json\/wp\/v2\/media?parent=474"}],"wp:term":[{"taxonomy":"product_brand","embeddable":true,"href":"https:\/\/bi-print3d.ro\/en\/wp-json\/wp\/v2\/product_brand?post=474"},{"taxonomy":"product_cat","embeddable":true,"href":"https:\/\/bi-print3d.ro\/en\/wp-json\/wp\/v2\/product_cat?post=474"},{"taxonomy":"product_tag","embeddable":true,"href":"https:\/\/bi-print3d.ro\/en\/wp-json\/wp\/v2\/product_tag?post=474"}],"curies":[{"name":"wp","href":"https:\/\/api.w.org\/{rel}","templated":true}]}}